{"id":1352,"date":"2020-03-15T14:28:37","date_gmt":"2020-03-15T12:28:37","guid":{"rendered":"http:\/\/www.grundschule-zabeltitz.de\/?page_id=1352"},"modified":"2026-03-10T21:39:57","modified_gmt":"2026-03-10T19:39:57","slug":"wichtige-information","status":"publish","type":"page","link":"https:\/\/www.grundschule-zabeltitz.de\/","title":{"rendered":"Willkommen in der Grundschule Zabeltitz!"},"content":{"rendered":"\n<p><b>Schulanmeldungen f\u00fcr das Schuljahr 2026\/2027<\/b><b><\/b><\/p>\n<p>Alle Kinder, die in der Zeit vom 01.07.2019 bis 30.06.2020 geboren wurden, werden zum 17.08.2026 schulpflichtig.<\/p>\n<p>Das Aufnahmeverfahren f\u00fcr diese Kinder findet an unserer Grundschule zu folgenden Zeiten statt:<\/p>\n<p><b>Dienstag, den 02.09.2025 und Donnerstag, den 04.09.2025<\/b><b><\/b><\/p>\n<p><b>jewei<\/b><b>ls 08:00 Uhr &#8211; 11:00 Uhr und 13:00 Uhr &#8211; 16.30 Uhr<\/b><b><\/b><\/p>\n<p>Abweichend zu diesen Zeiten kann im Einzelfall telefonisch ein separater Termin in der Schule, Tel. 03522 310921, vereinbart werden.<\/p>\n<p>Mitzubringen sind das Familienstammbuch bzw. die Geburtsurkunde des Kindes, Personalausweis des\/der Erziehungsberechtigten und gegebenenfalls ein Nachweis \u00fcber das alleinige Sorgerecht sowie den Impfausweis Ihres Kindes zum Nachweis der Masernschutzimpfungen.<\/p>\n<p>Gern k\u00f6nnen <span style=\"font-size: revert;\">Sie das Formular zur Schulanmeldung und die Schweigepflichtentbindung bereits im Vorhinein ausf\u00fcllen und zum Schulaufnahmetermin mitbringen. Das Formular ist von <\/span><b style=\"font-size: revert;\">allen<\/b><span style=\"font-size: revert;\"> Sorgeberechtigten zu unterzeichnen.<\/span><\/p>\n<p>Grundlage f\u00fcr die Aufnahme der Kinder in die zust\u00e4ndige Grundschule ist die Satzung \u00fcber die Schulbezirke der Grundschulen der Stadt Gro\u00dfenhain vom 08.02.2024. F\u00fcr die 1. Grundschule Gro\u00dfenhain, die 2. Grundschule \u201eBobersberg\u201c, die 4. Grundschule \u201eAm Schacht\u201c und die Grundschule Zabeltitz wurde ein gemeinsamer Schulbezirk gebildet. Innerhalb des gemeinsamen Schulbezirkes besteht ein Wahlrecht f\u00fcr die Anmeldung der Schulanf\u00e4nger.<\/p>\n<p>Der Aufnahmebescheid wird allen Eltern am 22.05.2026 postalisch zugestellt.<\/p>\n<p>Ausk\u00fcnfte \u00fcber die Schulbezirkssatzung erhalten die Eltern in der Stadtverwaltung Gro\u00dfenhain (Tel.: 03522\/304-216), an unserer Grundschule bzw. unter&nbsp;<a href=\"https:\/\/www.grossenhain.de\/satzungen-verordnungen\/articles\/kita-schulen-sport-kultur-4870.html\">www.grossenhain.de<\/a>.<\/p>\n<p><b>Hinweis: Sollten Sie f\u00fcr Ihr Kind im vergangenen Schuljahr einen R\u00fcckstellungsbescheid erhalten haben, so m\u00fcssen Sie es f\u00fcr das Schuljahr 2026\/2027 erneut an einer Grundschule anmelden<\/b>.<\/p>\n<p>Zum Download der Formulare geht es hier:<\/p>\n<p><a href=\"https:\/\/www.grundschule-zabeltitz.de\/wp-content\/uploads\/Antrag-auf-Aufnahme-in-die-Klassenstufe-1-an-einer-offentlichen-Grundschule.pdf\" target=\"_blank\" rel=\"noopener\">Antrag auf Aufnahme in die Klassenstufe 1 an einer offentlichen Grundschule.pdf<\/a><\/p>\n<p><a href=\"https:\/\/www.grundschule-zabeltitz.de\/wp-content\/uploads\/Anzeige-der-Anmeldung-fur-die-Klassenstufe-1-an-einer-Grundschule-in-freier-Tragerschaft.pdf\" target=\"_blank\" rel=\"noopener\">Anzeige der Anmeldung fur die Klassenstufe 1 an einer Grundschule in freier Tragerschaft.pdf<\/a><\/p>\n<p><a href=\"https:\/\/www.grundschule-zabeltitz.de\/wp-content\/uploads\/Schweigepflichtentbindung_Kita.pdf\" target=\"_blank\" rel=\"noopener\">Schweigepflichtentbindung_Kita.pdf<\/a><\/p>\n<hr>\n<p>&nbsp;<\/p>\n\n\n\n<h3>Teilnahme am EU-Schulprogramm<\/h3>\n<h3>Unsere Grundschule nimmt am &#8222;EU-Schulprogramm&#8220; mit Unterst\u00fctzung der Europ\u00e4ischen Union teil.<strong><br><br><\/strong><\/h3>\n<h3>Weitere Informationen finden Sie auf der Website: <a href=\"http:\/\/www.schulobst-milch.sachsen.de\" target=\"_blank\" rel=\"noopener\">www.schulobst-milch.sachsen.de<\/a><strong><br><br><\/strong><\/h3>\n<h3>&nbsp;<\/h3>\n<hr>\n<h3>&nbsp;<\/h3>\n","protected":false},"excerpt":{"rendered":"<p>Schulanmeldungen f\u00fcr das Schuljahr 2026\/2027 Alle Kinder, die in der Zeit vom 01.07.2019 bis 30.06.2020 geboren wurden, werden zum 17.08.2026 schulpflichtig. Das Aufnahmeverfahren f\u00fcr diese Kinder findet an unserer Grundschule zu folgenden Zeiten statt: Dienstag, den 02.09.2025 und Donnerstag, den 04.09.2025 jeweils 08:00 Uhr &#8211; 11:00 Uhr und 13:00 Uhr &#8211; 16.30 Uhr Abweichend zu [&hellip;]<\/p>\n","protected":false},"author":1,"featured_media":0,"parent":0,"menu_order":0,"comment_status":"closed","ping_status":"closed","template":"","meta":{"ngg_post_thumbnail":0,"footnotes":""},"class_list":["post-1352","page","type-page","status-publish","hentry"],"_links":{"self":[{"href":"https:\/\/www.grundschule-zabeltitz.de\/index.php?rest_route=\/wp\/v2\/pages\/1352","targetHints":{"allow":["GET"]}}],"collection":[{"href":"https:\/\/www.grundschule-zabeltitz.de\/index.php?rest_route=\/wp\/v2\/pages"}],"about":[{"href":"https:\/\/www.grundschule-zabeltitz.de\/index.php?rest_route=\/wp\/v2\/types\/page"}],"author":[{"embeddable":true,"href":"https:\/\/www.grundschule-zabeltitz.de\/index.php?rest_route=\/wp\/v2\/users\/1"}],"replies":[{"embeddable":true,"href":"https:\/\/www.grundschule-zabeltitz.de\/index.php?rest_route=%2Fwp%2Fv2%2Fcomments&post=1352"}],"version-history":[{"count":118,"href":"https:\/\/www.grundschule-zabeltitz.de\/index.php?rest_route=\/wp\/v2\/pages\/1352\/revisions"}],"predecessor-version":[{"id":2240,"href":"https:\/\/www.grundschule-zabeltitz.de\/index.php?rest_route=\/wp\/v2\/pages\/1352\/revisions\/2240"}],"wp:attachment":[{"href":"https:\/\/www.grundschule-zabeltitz.de\/index.php?rest_route=%2Fwp%2Fv2%2Fmedia&parent=1352"}],"curies":[{"name":"wp","href":"https:\/\/api.w.org\/{rel}","templated":true}]}}